{"id":3,"date":"2024-02-15T09:18:46","date_gmt":"2024-02-15T08:18:46","guid":{"rendered":"https:\/\/kalifornan.sk\/?page_id=3"},"modified":"2024-04-02T15:33:08","modified_gmt":"2024-04-02T13:33:08","slug":"ochrana-sukromia","status":"publish","type":"page","link":"https:\/\/kalifornan.sk\/cz\/ochrana-sukromia\/","title":{"rendered":"Z\u00e1sady ochrany osobn\u00fdch \u00fadajov"},"content":{"rendered":"<h2 class=\"wp-block-heading\">Kdo jsme<\/h2>\n\n\n\n<p>Adresa na\u0161\u00ed webov\u00e9 str\u00e1nky je: https:\/\/kalifornan.cz<\/p>\n\n\n\n<h2 class=\"wp-block-heading\">Koment\u00e1\u0159e<\/h2>\n\n\n\n<p>Kdy\u017e n\u00e1v\u0161t\u011bvn\u00edci webu zanechavaj\u00ed na str\u00e1nce koment\u00e1\u0159e, sb\u00edr\u00e1me \u00fadaje, kter\u00e9 jsou zobrazeny ve formul\u00e1\u0159i koment\u00e1\u0159e a tak\u00e9 IP adresu u\u017eivatel\u016f a User Agent prohl\u00ed\u017ee\u010de z d\u016fvodu ochrany proti spamu.<\/p>\n\n\n\n<p>Anonymizovan\u00fd \u0159et\u011bzec vytvo\u0159en\u00fd z va\u0161\u00ed e-mailov\u00e9 adresy (naz\u00fdvan\u00fd tak\u00e9 hash) m\u016f\u017ee b\u00fdt poskytnut slu\u017eb\u011b Gravatar pro ov\u011b\u0159en\u00ed, zda ji pou\u017e\u00edv\u00e1te. Z\u00e1sady ochrany osobn\u00edch \u00fadaj\u016f slu\u017eby Gravatar naleznete na: https:\/\/automattic.com\/privacy\/. Po schv\u00e1len\u00ed va\u0161eho koment\u00e1\u0159e bude va\u0161e profilov\u00e1 fotografie ve\u0159ejn\u011b zobrazena spolu s obsahem va\u0161eho koment\u00e1\u0159e.<\/p>\n\n\n\n<h2 class=\"wp-block-heading\">Multim\u00e9dia<\/h2>\n\n\n\n<p>P\u0159i nahr\u00e1v\u00e1n\u00ed obr\u00e1zk\u016f na webovou str\u00e1nku byste se m\u011bli vyhnout nahr\u00e1v\u00e1n\u00ed obr\u00e1zk\u016f s EXIF \u200b\u200bGPS \u00fadaji o poloze. N\u00e1v\u0161t\u011bvn\u00edci webu mohou st\u00e1hnout a zobrazit jak\u00e9koli \u00fadaje o poloze z obr\u00e1zk\u016f.<\/p>\n\n\n\n<h2 class=\"wp-block-heading\">Soubory cookies<\/h2>\n\n\n\n<p>Pokud p\u0159id\u00e1te koment\u00e1\u0159 na na\u0161\u00ed str\u00e1nce, m\u016f\u017eete souhlasit s ulo\u017een\u00edm va\u0161eho jm\u00e9na, e-mailov\u00e9 adresy a webov\u00e9 str\u00e1nky do soubor\u016f cookies. Je to pro va\u0161e pohodl\u00ed, abyste nemuseli znovu vypl\u0148ovat va\u0161e \u00fadaje znovu p\u0159i p\u0159id\u00e1v\u00e1n\u00ed dal\u0161\u00edho koment\u00e1\u0159e. Tyto soubory cookies jsou platn\u00e9 jeden rok.<\/p>\n\n\n\n<p>Pokud nav\u0161t\u00edv\u00edte na\u0161i str\u00e1nku p\u0159ihl\u00e1\u0161en\u00ed, ulo\u017e\u00edme do\u010dasn\u00e9 soubory cookies k ur\u010den\u00ed toho, zda v\u00e1\u0161 prohl\u00ed\u017ee\u010d akceptuje soubory cookies. Tyto soubory cookies neobsahuj\u00ed \u017e\u00e1dn\u00e9 osobn\u00ed \u00fadaje a jsou odstran\u011bny p\u0159i zav\u0159en\u00ed prohl\u00ed\u017ee\u010de.<\/p>\n\n\n\n<p>P\u0159i p\u0159ihl\u00e1\u0161en\u00ed nastav\u00edme n\u011bkolik soubor\u016f cookies, abychom ulo\u017eili va\u0161e p\u0159ihla\u0161ovac\u00ed \u00fadaje a nastaven\u00ed zobrazen\u00ed. P\u0159ihla\u0161ovac\u00ed cookies jsou platn\u00e9 dva dny a nastaven\u00ed zobrazen\u00ed jeden rok. Pokud zvol\u00edte mo\u017enost \u201ezapamatovat\u201c, va\u0161e p\u0159ihl\u00e1\u0161en\u00ed bude platn\u00e9 dva t\u00fddny. P\u0159i odhl\u00e1\u0161en\u00ed se z va\u0161eho \u00fa\u010dtu jsou soubory cookies odstran\u011bny. <\/p>\n\n\n\n<p>P\u0159i \u00faprav\u011b nebo publikov\u00e1n\u00ed \u010dl\u00e1nku budou ve va\u0161em prohl\u00ed\u017ee\u010di ulo\u017eeny dodate\u010dn\u00e9 soubory cookies. Tyto soubory cookies neobsahuj\u00ed \u017e\u00e1dn\u00e9 osobn\u00ed \u00fadaje a odkazuj\u00ed pouze na ID \u010dl\u00e1nku, kter\u00fd jste upravovali. Soubory jsou platn\u00e9 1 den.<\/p>\n\n\n\n<h2 class=\"wp-block-heading\">Vlo\u017een\u00fd obsah z jin\u00fdch webov\u00fdch str\u00e1nek<\/h2>\n\n\n\n<p>\u010cl\u00e1nky na t\u00e9to webov\u00e9 str\u00e1nce mohou obsahovat vlo\u017een\u00fd obsah (nap\u0159. videa, obr\u00e1zky, \u010dl\u00e1nky a podobn\u011b). Vlo\u017een\u00fd obsah z jin\u00fdch str\u00e1nek se chov\u00e1 stejn\u011b, jako by n\u00e1v\u0161t\u011bvn\u00edk nav\u0161t\u00edvil jinou webovou str\u00e1nku. <\/p>\n\n\n\n<p>Tyto webov\u00e9 str\u00e1nky mohou o v\u00e1s sb\u00edrat osobn\u00ed \u00fadaje, pou\u017e\u00edvat soubory cookies, vkl\u00e1dat t\u0159et\u00ed stranov\u00e9 sledov\u00e1n\u00ed a monitorovat va\u0161i interakci s vlo\u017een\u00fdm obsahem, v\u010detn\u011b sledov\u00e1n\u00ed va\u0161\u00ed interakce s vlo\u017een\u00fdm obsahem, pokud na dan\u00e9 webov\u00e9 str\u00e1nce m\u00e1te \u00fa\u010det a jste p\u0159ihl\u00e1\u0161eni. <\/p>\n\n\n\n<h2 class=\"wp-block-heading\">S k\u00fdm sd\u00edl\u00edme va\u0161e data<\/h2>\n\n\n\n<p>Pokud po\u017eadujete obnoven\u00ed hesla, va\u0161e adresa IP bude uvedena v e-mailu pro obnoven\u00ed hesla.<\/p>\n\n\n\n<h2 class=\"wp-block-heading\">Jak dlouho uchov\u00e1v\u00e1me va\u0161e \u00fadaje<\/h2>\n\n\n\n<p>P\u0159i p\u0159id\u00e1v\u00e1n\u00ed koment\u00e1\u0159e, koment\u00e1\u0159 a jeho metadata jsou uchov\u00e1v\u00e1ny odd\u011blen\u011b. D\u00edky tomu um\u00edme automaticky rozpoznat a schv\u00e1lit jak\u00e9koli souvisej\u00edc\u00ed koment\u00e1\u0159e, ani\u017e by musely b\u00fdt podr\u017eeny k moderaci.<\/p>\n\n\n\n<p>Pro u\u017eivatele, kte\u0159\u00ed se zaregistruj\u00ed na na\u0161ich webov\u00fdch str\u00e1nk\u00e1ch (pokud takov\u00ed existuj\u00ed), ukl\u00e1d\u00e1me i osobn\u00ed \u00fadaje, kter\u00e9 poskytuj\u00ed, do jejich u\u017eivatelsk\u00e9ho profilu. V\u0161ichni u\u017eivatel\u00e9 mohou kdykoli zobrazit, upravit nebo odstranit sv\u00e9 osobn\u00ed \u00fadaje (krom\u011b zm\u011bny u\u017eivatelsk\u00e9ho). Spr\u00e1vci webov\u00fdch str\u00e1nek tak\u00e9 mohou zobrazit a upravit tyto informace.<\/p>\n\n\n\n<h2 class=\"wp-block-heading\">Jak\u00e1 pr\u00e1va m\u00e1te nad sv\u00fdmi \u00fadaji<\/h2>\n\n\n\n<p>Pokud na t\u00e9to webov\u00e9 str\u00e1nce m\u00e1te \u00fa\u010det nebo jste zde p\u0159idali koment\u00e1\u0159, m\u016f\u017eete po\u017e\u00e1dat o export va\u0161ich osobn\u00edch \u00fadaj\u016f, kter\u00e9 o v\u00e1s ukl\u00e1d\u00e1me, v\u010detn\u011b \u00fadaj\u016f, kter\u00e9 jste n\u00e1m poskytli. M\u016f\u017eete tak\u00e9 po\u017e\u00e1dat o vymaz\u00e1n\u00ed osobn\u00edch \u00fadaj\u016f. To se ale net\u00fdk\u00e1 \u00fadaj\u016f, kter\u00e9 o v\u00e1s mus\u00edme uchov\u00e1vat z administrativn\u00edch, pr\u00e1vn\u00edch nebo bezpe\u010dnostn\u00edch d\u016fvod\u016f. <\/p>\n\n\n\n<h2 class=\"wp-block-heading\">Kam se va\u0161e data odes\u00edlaj\u00ed<\/h2>\n\n\n\n<p>Koment\u00e1re n\u00e1v\u0161tevn\u00edkov m\u00f4\u017eu by\u0165 kontrolovan\u00e9 prostredn\u00edctvom automatizovanej slu\u017eby na detekciu spamu.<\/p>","protected":false},"excerpt":{"rendered":"<p>Kto sme Adresa na\u0161ej webovej str\u00e1nky je: https:\/\/kalifornan.sk. Koment\u00e1re Ke\u010f n\u00e1v\u0161tevn\u00edci webu zanechavaj\u00fa na str\u00e1nke koment\u00e1re, zbierame \u00fadaje, ktor\u00e9 s\u00fa zobrazen\u00e9 vo formul\u00e1ri koment\u00e1ra a taktie\u017e IP adresu pou\u017e\u00edvate\u013eov a User Agent prehliada\u010da z d\u00f4vodu ochrany proti spamu. Anonymizovan\u00fd re\u0165azec vytvoren\u00fd z va\u0161ej e-mailovej adresy (naz\u00fdvan\u00fd aj hash) m\u00f4\u017ee by\u0165 poskytnut\u00fd slu\u017ebe Gravatar pre overenie, [&hellip;]<\/p>\n","protected":false},"author":1,"featured_media":0,"parent":0,"menu_order":0,"comment_status":"closed","ping_status":"open","template":"","meta":{"_acf_changed":false,"footnotes":""},"class_list":["post-3","page","type-page","status-publish","hentry"],"acf":[],"_links":{"self":[{"href":"https:\/\/kalifornan.sk\/cz\/wp-json\/wp\/v2\/pages\/3","targetHints":{"allow":["GET"]}}],"collection":[{"href":"https:\/\/kalifornan.sk\/cz\/wp-json\/wp\/v2\/pages"}],"about":[{"href":"https:\/\/kalifornan.sk\/cz\/wp-json\/wp\/v2\/types\/page"}],"author":[{"embeddable":true,"href":"https:\/\/kalifornan.sk\/cz\/wp-json\/wp\/v2\/users\/1"}],"replies":[{"embeddable":true,"href":"https:\/\/kalifornan.sk\/cz\/wp-json\/wp\/v2\/comments?post=3"}],"version-history":[{"count":2,"href":"https:\/\/kalifornan.sk\/cz\/wp-json\/wp\/v2\/pages\/3\/revisions"}],"predecessor-version":[{"id":466,"href":"https:\/\/kalifornan.sk\/cz\/wp-json\/wp\/v2\/pages\/3\/revisions\/466"}],"wp:attachment":[{"href":"https:\/\/kalifornan.sk\/cz\/wp-json\/wp\/v2\/media?parent=3"}],"curies":[{"name":"wp","href":"https:\/\/api.w.org\/{rel}","templated":true}]}}